{"id":20,"date":"2024-11-28T18:48:09","date_gmt":"2024-11-28T18:48:09","guid":{"rendered":"https:\/\/evilfork.pl\/?page_id=20"},"modified":"2025-03-24T12:11:37","modified_gmt":"2025-03-24T12:11:37","slug":"partnerzy","status":"publish","type":"page","link":"https:\/\/evilfork.pl\/en\/partnerzy\/","title":{"rendered":"Clients"},"content":{"rendered":"<div data-elementor-type=\"wp-page\" data-elementor-id=\"20\" class=\"elementor elementor-20\" data-elementor-post-type=\"page\">\n\t\t\t\t<div class=\"elementor-element elementor-element-d472b7b e-flex e-con-boxed e-con e-parent\" data-id=\"d472b7b\" data-element_type=\"container\">\n\t\t\t\t\t<div class=\"e-con-inner\">\n\t\t<section class=\"elementor-element elementor-element-a107ebf e-con-full section-hero-page e-flex e-con e-child\" data-id=\"a107ebf\" data-element_type=\"container\">\n\t\t<div class=\"elementor-element elementor-element-aaa255b e-con-full e-flex e-con e-child\" data-id=\"aaa255b\" data-element_type=\"container\" data-settings=\"{&quot;background_background&quot;:&quot;video&quot;,&quot;background_video_link&quot;:&quot;https:\\\/\\\/evilfork.pl\\\/wp-content\\\/uploads\\\/2024\\\/12\\\/video-header.mp4&quot;,&quot;background_play_on_mobile&quot;:&quot;yes&quot;}\">\n\t\t<div class=\"elementor-background-video-container\" aria-hidden=\"true\">\n\t\t\t\t\t\t\t<video class=\"elementor-background-video-hosted\" autoplay muted playsinline loop><\/video>\n\t\t\t\t\t<\/div>\t\t<div class=\"elementor-element elementor-element-7236fcf hero-page-title elementor-widget elementor-widget-heading\" data-id=\"7236fcf\" data-element_type=\"widget\" data-widget_type=\"heading.default\">\n\t\t\t\t<div class=\"elementor-widget-container\">\n\t\t\t\t\t<h1 class=\"elementor-heading-title elementor-size-default\">Clients<\/h1>\t\t\t\t<\/div>\n\t\t\t\t<\/div>\n\t\t\t\t<div class=\"elementor-element elementor-element-c30d683 elementor-align-left elementor-widget elementor-widget-breadcrumbs\" data-id=\"c30d683\" data-element_type=\"widget\" data-widget_type=\"breadcrumbs.default\">\n\t\t\t\t<div class=\"elementor-widget-container\">\n\t\t\t\t\t<p id=\"breadcrumbs\"><span><span><a href=\"https:\/\/evilfork.pl\/en\/\">Homepage<\/a><\/span><\/span><\/p>\t\t\t\t<\/div>\n\t\t\t\t<\/div>\n\t\t\t\t<\/div>\n\t\t\t\t<\/section>\n\t\t\t\t\t<\/div>\n\t\t\t\t<\/div>\n\t\t<div class=\"elementor-element elementor-element-6980fe2 e-flex e-con-boxed e-con e-parent\" data-id=\"6980fe2\" data-element_type=\"container\">\n\t\t\t\t\t<div class=\"e-con-inner\">\n\t\t\t\t<div class=\"elementor-element elementor-element-4d59999 partners elementor-widget elementor-widget-acf_gallery_widget\" data-id=\"4d59999\" data-element_type=\"widget\" data-widget_type=\"acf_gallery_widget.default\">\n\t\t\t\t<div class=\"elementor-widget-container\">\n\t\t\t\t\t<div class=\"acf-gallery-widget\"><div class=\"acf-gallery-grid\" style=\"grid-template-columns: repeat(4, 1fr);\"><div class=\"acf-gallery-item\" style=\"justify-content: center; align-items: center;\"><img decoding=\"async\" src=\"https:\/\/evilfork.pl\/wp-content\/uploads\/2025\/02\/5c46a6d6c2b78e11f342706d0e1384a2.webp\" alt=\"\" style=\"width: 100%; height: 100%; max-height: 100px; object-fit: contain;\"><\/div><div class=\"acf-gallery-item\" style=\"justify-content: center; align-items: center;\"><img decoding=\"async\" src=\"https:\/\/evilfork.pl\/wp-content\/uploads\/2024\/12\/logo-brw.svg\" alt=\"brw\" style=\"width: 100%; height: 100%; max-height: 100px; object-fit: contain;\"><\/div><div class=\"acf-gallery-item\" style=\"justify-content: center; align-items: center;\"><img decoding=\"async\" src=\"https:\/\/evilfork.pl\/wp-content\/uploads\/2025\/01\/7more7.png\" alt=\"7more7\" style=\"width: 100%; height: 100%; max-height: 100px; object-fit: contain;\"><\/div><div class=\"acf-gallery-item\" style=\"justify-content: center; align-items: center;\"><img decoding=\"async\" src=\"https:\/\/evilfork.pl\/wp-content\/uploads\/2025\/10\/logo-dark.svg\" alt=\"\" style=\"width: 100%; height: 100%; max-height: 100px; object-fit: contain;\"><\/div><div class=\"acf-gallery-item\" style=\"justify-content: center; align-items: center;\"><img decoding=\"async\" src=\"https:\/\/evilfork.pl\/wp-content\/uploads\/2024\/12\/PlayMedia-Black.png\" alt=\"PlayMedia\" style=\"width: 100%; height: 100%; max-height: 100px; object-fit: contain;\"><\/div><div class=\"acf-gallery-item\" style=\"justify-content: center; align-items: center;\"><img decoding=\"async\" src=\"https:\/\/evilfork.pl\/wp-content\/uploads\/2025\/08\/image.png\" alt=\"\" style=\"width: 100%; height: 100%; max-height: 100px; object-fit: contain;\"><\/div><div class=\"acf-gallery-item\" style=\"justify-content: center; align-items: center;\"><img decoding=\"async\" src=\"https:\/\/evilfork.pl\/wp-content\/uploads\/2025\/09\/logo_pp_kolor.png\" alt=\"\" style=\"width: 100%; height: 100%; max-height: 100px; object-fit: contain;\"><\/div><div class=\"acf-gallery-item\" style=\"justify-content: center; align-items: center;\"><img decoding=\"async\" src=\"https:\/\/evilfork.pl\/wp-content\/uploads\/2024\/12\/ORDERR2pink_crop.png\" alt=\"ORDERR\" style=\"width: 100%; height: 100%; max-height: 100px; object-fit: contain;\"><\/div><div class=\"acf-gallery-item\" style=\"justify-content: center; align-items: center;\"><img decoding=\"async\" src=\"https:\/\/evilfork.pl\/wp-content\/uploads\/2025\/02\/logo-white-photoaidcom-invert.png\" alt=\"\" style=\"width: 100%; height: 100%; max-height: 100px; object-fit: contain;\"><\/div><div class=\"acf-gallery-item\" style=\"justify-content: center; align-items: center;\"><img decoding=\"async\" src=\"https:\/\/evilfork.pl\/wp-content\/uploads\/2024\/12\/logo-rp.png\" alt=\"RootPay\" style=\"width: 100%; height: 100%; max-height: 100px; object-fit: contain;\"><\/div><\/div><\/div>\t\t\t\t<\/div>\n\t\t\t\t<\/div>\n\t\t\t\t\t<\/div>\n\t\t\t\t<\/div>\n\t\t\t\t<\/div>","protected":false},"excerpt":{"rendered":"","protected":false},"author":1,"featured_media":106,"parent":0,"menu_order":0,"comment_status":"closed","ping_status":"closed","template":"","meta":{"_acf_changed":false,"footnotes":""},"class_list":["post-20","page","type-page","status-publish","has-post-thumbnail","hentry"],"acf":[],"yoast_head":"<!-- This site is optimized with the Yoast SEO plugin v25.9 - https:\/\/yoast.com\/wordpress\/plugins\/seo\/ -->\n<title>Partnerzy | Profesjonalne us\u0142ugi DevOps | Hosting | Cloud | evilfork.pl<\/title>\n<meta name=\"description\" content=\"Dobro naszych Partner\u00f3w jest zawsze na pierwszym miejscu. Pracujemy w interdyscyplinarnych zespo\u0142ach oraz stawiamy na komunikacj\u0119.\" \/>\n<meta name=\"robots\" content=\"index, follow, max-snippet:-1, max-image-preview:large, max-video-preview:-1\" \/>\n<link rel=\"canonical\" href=\"https:\/\/evilfork.pl\/en\/partnerzy\/\" \/>\n<meta property=\"og:locale\" content=\"en_US\" \/>\n<meta property=\"og:type\" content=\"article\" \/>\n<meta property=\"og:title\" content=\"Partnerzy | Profesjonalne us\u0142ugi DevOps | Hosting | Cloud | evilfork.pl\" \/>\n<meta property=\"og:description\" content=\"Dobro naszych Partner\u00f3w jest zawsze na pierwszym miejscu. Pracujemy w interdyscyplinarnych zespo\u0142ach oraz stawiamy na komunikacj\u0119.\" \/>\n<meta property=\"og:url\" content=\"https:\/\/evilfork.pl\/en\/partnerzy\/\" \/>\n<meta property=\"og:site_name\" content=\"evilfork.pl\" \/>\n<meta property=\"article:publisher\" content=\"https:\/\/www.linkedin.com\/company\/evilfork-pl\" \/>\n<meta property=\"article:modified_time\" content=\"2025-03-24T12:11:37+00:00\" \/>\n<meta property=\"og:image\" content=\"http:\/\/evilfork.pl\/wp-content\/uploads\/2024\/12\/bg-sldier-min-e1733315780433.jpg\" \/>\n\t<meta property=\"og:image:width\" content=\"1917\" \/>\n\t<meta property=\"og:image:height\" content=\"1080\" \/>\n\t<meta property=\"og:image:type\" content=\"image\/jpeg\" \/>\n<meta name=\"twitter:card\" content=\"summary_large_image\" \/>\n<meta name=\"twitter:label1\" content=\"Est. reading time\" \/>\n\t<meta name=\"twitter:data1\" content=\"2 minutes\" \/>\n<script type=\"application\/ld+json\" class=\"yoast-schema-graph\">{\"@context\":\"https:\/\/schema.org\",\"@graph\":[{\"@type\":\"WebPage\",\"@id\":\"https:\/\/evilfork.pl\/partnerzy\/\",\"url\":\"https:\/\/evilfork.pl\/partnerzy\/\",\"name\":\"Partnerzy | Profesjonalne us\u0142ugi DevOps | Hosting | Cloud | evilfork.pl\",\"isPartOf\":{\"@id\":\"https:\/\/evilfork.pl\/#website\"},\"primaryImageOfPage\":{\"@id\":\"https:\/\/evilfork.pl\/partnerzy\/#primaryimage\"},\"image\":{\"@id\":\"https:\/\/evilfork.pl\/partnerzy\/#primaryimage\"},\"thumbnailUrl\":\"https:\/\/evilfork.pl\/wp-content\/uploads\/2024\/12\/bg-sldier-min-e1733315780433.jpg\",\"datePublished\":\"2024-11-28T18:48:09+00:00\",\"dateModified\":\"2025-03-24T12:11:37+00:00\",\"description\":\"Dobro naszych Partner\u00f3w jest zawsze na pierwszym miejscu. Pracujemy w interdyscyplinarnych zespo\u0142ach oraz stawiamy na komunikacj\u0119.\",\"breadcrumb\":{\"@id\":\"https:\/\/evilfork.pl\/partnerzy\/#breadcrumb\"},\"inLanguage\":\"en-US\",\"potentialAction\":[{\"@type\":\"ReadAction\",\"target\":[\"https:\/\/evilfork.pl\/partnerzy\/\"]}]},{\"@type\":\"ImageObject\",\"inLanguage\":\"en-US\",\"@id\":\"https:\/\/evilfork.pl\/partnerzy\/#primaryimage\",\"url\":\"https:\/\/evilfork.pl\/wp-content\/uploads\/2024\/12\/bg-sldier-min-e1733315780433.jpg\",\"contentUrl\":\"https:\/\/evilfork.pl\/wp-content\/uploads\/2024\/12\/bg-sldier-min-e1733315780433.jpg\",\"width\":1917,\"height\":1080,\"caption\":\"bg\"},{\"@type\":\"BreadcrumbList\",\"@id\":\"https:\/\/evilfork.pl\/partnerzy\/#breadcrumb\",\"itemListElement\":[{\"@type\":\"ListItem\",\"position\":1,\"name\":\"Strona g\u0142\u00f3wna\",\"item\":\"https:\/\/evilfork.pl\/\"},{\"@type\":\"ListItem\",\"position\":2,\"name\":\"Partnerzy\"}]},{\"@type\":\"WebSite\",\"@id\":\"https:\/\/evilfork.pl\/#website\",\"url\":\"https:\/\/evilfork.pl\/\",\"name\":\"evilfork.pl - Profesjonalny hosting dla e-commerce\",\"description\":\"E-commerce Hosting &amp; DevOps\",\"publisher\":{\"@id\":\"https:\/\/evilfork.pl\/#organization\"},\"alternateName\":\"evilfork.pl - hosting & devops for e-commerce\",\"potentialAction\":[{\"@type\":\"SearchAction\",\"target\":{\"@type\":\"EntryPoint\",\"urlTemplate\":\"https:\/\/evilfork.pl\/?s={search_term_string}\"},\"query-input\":{\"@type\":\"PropertyValueSpecification\",\"valueRequired\":true,\"valueName\":\"search_term_string\"}}],\"inLanguage\":\"en-US\"},{\"@type\":\"Organization\",\"@id\":\"https:\/\/evilfork.pl\/#organization\",\"name\":\"evilfork.pl\",\"url\":\"https:\/\/evilfork.pl\/\",\"logo\":{\"@type\":\"ImageObject\",\"inLanguage\":\"en-US\",\"@id\":\"https:\/\/evilfork.pl\/#\/schema\/logo\/image\/\",\"url\":\"https:\/\/evilfork.pl\/wp-content\/uploads\/2024\/11\/logo2.png\",\"contentUrl\":\"https:\/\/evilfork.pl\/wp-content\/uploads\/2024\/11\/logo2.png\",\"width\":274,\"height\":127,\"caption\":\"evilfork.pl\"},\"image\":{\"@id\":\"https:\/\/evilfork.pl\/#\/schema\/logo\/image\/\"},\"sameAs\":[\"https:\/\/www.linkedin.com\/company\/evilfork-pl\"]}]}<\/script>\n<!-- \/ Yoast SEO plugin. -->","yoast_head_json":{"title":"Partnerzy | Profesjonalne us\u0142ugi DevOps | Hosting | Cloud | evilfork.pl","description":"Dobro naszych Partner\u00f3w jest zawsze na pierwszym miejscu. Pracujemy w interdyscyplinarnych zespo\u0142ach oraz stawiamy na komunikacj\u0119.","robots":{"index":"index","follow":"follow","max-snippet":"max-snippet:-1","max-image-preview":"max-image-preview:large","max-video-preview":"max-video-preview:-1"},"canonical":"https:\/\/evilfork.pl\/en\/partnerzy\/","og_locale":"en_US","og_type":"article","og_title":"Partnerzy | Profesjonalne us\u0142ugi DevOps | Hosting | Cloud | evilfork.pl","og_description":"Dobro naszych Partner\u00f3w jest zawsze na pierwszym miejscu. Pracujemy w interdyscyplinarnych zespo\u0142ach oraz stawiamy na komunikacj\u0119.","og_url":"https:\/\/evilfork.pl\/en\/partnerzy\/","og_site_name":"evilfork.pl","article_publisher":"https:\/\/www.linkedin.com\/company\/evilfork-pl","article_modified_time":"2025-03-24T12:11:37+00:00","og_image":[{"width":1917,"height":1080,"url":"http:\/\/evilfork.pl\/wp-content\/uploads\/2024\/12\/bg-sldier-min-e1733315780433.jpg","type":"image\/jpeg"}],"twitter_card":"summary_large_image","twitter_misc":{"Est. reading time":"2 minutes"},"schema":{"@context":"https:\/\/schema.org","@graph":[{"@type":"WebPage","@id":"https:\/\/evilfork.pl\/partnerzy\/","url":"https:\/\/evilfork.pl\/partnerzy\/","name":"Partnerzy | Profesjonalne us\u0142ugi DevOps | Hosting | Cloud | evilfork.pl","isPartOf":{"@id":"https:\/\/evilfork.pl\/#website"},"primaryImageOfPage":{"@id":"https:\/\/evilfork.pl\/partnerzy\/#primaryimage"},"image":{"@id":"https:\/\/evilfork.pl\/partnerzy\/#primaryimage"},"thumbnailUrl":"https:\/\/evilfork.pl\/wp-content\/uploads\/2024\/12\/bg-sldier-min-e1733315780433.jpg","datePublished":"2024-11-28T18:48:09+00:00","dateModified":"2025-03-24T12:11:37+00:00","description":"Dobro naszych Partner\u00f3w jest zawsze na pierwszym miejscu. Pracujemy w interdyscyplinarnych zespo\u0142ach oraz stawiamy na komunikacj\u0119.","breadcrumb":{"@id":"https:\/\/evilfork.pl\/partnerzy\/#breadcrumb"},"inLanguage":"en-US","potentialAction":[{"@type":"ReadAction","target":["https:\/\/evilfork.pl\/partnerzy\/"]}]},{"@type":"ImageObject","inLanguage":"en-US","@id":"https:\/\/evilfork.pl\/partnerzy\/#primaryimage","url":"https:\/\/evilfork.pl\/wp-content\/uploads\/2024\/12\/bg-sldier-min-e1733315780433.jpg","contentUrl":"https:\/\/evilfork.pl\/wp-content\/uploads\/2024\/12\/bg-sldier-min-e1733315780433.jpg","width":1917,"height":1080,"caption":"bg"},{"@type":"BreadcrumbList","@id":"https:\/\/evilfork.pl\/partnerzy\/#breadcrumb","itemListElement":[{"@type":"ListItem","position":1,"name":"Strona g\u0142\u00f3wna","item":"https:\/\/evilfork.pl\/"},{"@type":"ListItem","position":2,"name":"Partnerzy"}]},{"@type":"WebSite","@id":"https:\/\/evilfork.pl\/#website","url":"https:\/\/evilfork.pl\/","name":"evilfork.pl - Profesjonalny hosting dla e-commerce","description":"E-commerce Hosting &amp; DevOps","publisher":{"@id":"https:\/\/evilfork.pl\/#organization"},"alternateName":"evilfork.pl - hosting & devops for e-commerce","potentialAction":[{"@type":"SearchAction","target":{"@type":"EntryPoint","urlTemplate":"https:\/\/evilfork.pl\/?s={search_term_string}"},"query-input":{"@type":"PropertyValueSpecification","valueRequired":true,"valueName":"search_term_string"}}],"inLanguage":"en-US"},{"@type":"Organization","@id":"https:\/\/evilfork.pl\/#organization","name":"evilfork.pl","url":"https:\/\/evilfork.pl\/","logo":{"@type":"ImageObject","inLanguage":"en-US","@id":"https:\/\/evilfork.pl\/#\/schema\/logo\/image\/","url":"https:\/\/evilfork.pl\/wp-content\/uploads\/2024\/11\/logo2.png","contentUrl":"https:\/\/evilfork.pl\/wp-content\/uploads\/2024\/11\/logo2.png","width":274,"height":127,"caption":"evilfork.pl"},"image":{"@id":"https:\/\/evilfork.pl\/#\/schema\/logo\/image\/"},"sameAs":["https:\/\/www.linkedin.com\/company\/evilfork-pl"]}]}},"_links":{"self":[{"href":"https:\/\/evilfork.pl\/en\/wp-json\/wp\/v2\/pages\/20","targetHints":{"allow":["GET"]}}],"collection":[{"href":"https:\/\/evilfork.pl\/en\/wp-json\/wp\/v2\/pages"}],"about":[{"href":"https:\/\/evilfork.pl\/en\/wp-json\/wp\/v2\/types\/page"}],"author":[{"embeddable":true,"href":"https:\/\/evilfork.pl\/en\/wp-json\/wp\/v2\/users\/1"}],"replies":[{"embeddable":true,"href":"https:\/\/evilfork.pl\/en\/wp-json\/wp\/v2\/comments?post=20"}],"version-history":[{"count":1,"href":"https:\/\/evilfork.pl\/en\/wp-json\/wp\/v2\/pages\/20\/revisions"}],"predecessor-version":[{"id":924,"href":"https:\/\/evilfork.pl\/en\/wp-json\/wp\/v2\/pages\/20\/revisions\/924"}],"wp:featuredmedia":[{"embeddable":true,"href":"https:\/\/evilfork.pl\/en\/wp-json\/wp\/v2\/media\/106"}],"wp:attachment":[{"href":"https:\/\/evilfork.pl\/en\/wp-json\/wp\/v2\/media?parent=20"}],"curies":[{"name":"wp","href":"https:\/\/api.w.org\/{rel}","templated":true}]}}