{"id":579,"date":"2025-01-10T10:01:04","date_gmt":"2025-01-10T10:01:04","guid":{"rendered":"https:\/\/evilfork.pl\/?page_id=579"},"modified":"2025-03-24T12:14:55","modified_gmt":"2025-03-24T12:14:55","slug":"polityka-prywatnosci","status":"publish","type":"page","link":"https:\/\/evilfork.pl\/en\/polityka-prywatnosci\/","title":{"rendered":"Polityka prywatno\u015bci"},"content":{"rendered":"<p><b>Dane zbierane automatycznie<\/b><\/p>\n<p>W trakcie wizyty na naszej stronie internetowej, automatycznie zbierane s\u0105 dane dotycz\u0105ce tej wizyty, np. adres IP, nazwa domeny, typ przegl\u0105darki, typ systemu operacyjnego.<\/p>\n<p><b>Dane zbierane, w momencie kontaktu z nami<\/b><\/p>\n<p>W momencie kontaktu z nami za pomoc\u0105 strony internetowej, poczty email, rozmowy telefonicznej itp. u\u017cytkownik przekazuje nam swoje dane osobowe, np. imi\u0119, nazwisko, adres email.<\/p>\n<p><b>Wykorzystywanie zebranych danych<\/b><\/p>\n<p>Dane zebrane o u\u017cytkowniku nigdy nie b\u0119d\u0105 odprzedawane, udost\u0119pniane podmiotom trzecim.<\/p>\n<p>Dane zbierane podczas rejestracji b\u0119d\u0105 wykorzystane wy\u0142\u0105cznie do umo\u017cliwienia u\u017cytkownikowi zalogowania si\u0119 do naszego systemu. Rejestracja jest niezb\u0119dna je\u017celi chcesz dokona\u0107 zakupu.<\/p>\n<p>Dane zbierane w czasie transakcji zakupu b\u0119d\u0105 wykorzystane w celu realizacji transakcji, mog\u0105 by\u0107 one w tym celu by\u0107 przekazane firmie obs\u0142uguj\u0105cej transakcje p\u0142atnicze w celu obci\u0105\u017cenia karty kredytowej u\u017cytkownika. Firma ta nie b\u0119dzie wykorzystywa\u0107 tych informacji w \u017cadnym innym celu. Podanie danych jest niezb\u0119dne je\u017celi chcesz dokona\u0107 zakupu.<\/p>\n<p>W przypadku wyra\u017cenia zgody na otrzymywanie naszego Newslettera, wykorzystamy dane u\u017cytkownika celu wys\u0142ania wysy\u0142ania go. U\u017cytkownik jest pytany czy chce otrzymywa\u0107 Newsletter podczas rejestracji.<\/p>\n<p>Dane zbierane automatycznie mog\u0105 by\u0107 u\u017cyte do analizy zachowa\u0144 u\u017cytkownik\u00f3w na naszej stronie internetowej, zbierania danych demograficznych o naszych u\u017cytkownikach, lub do personalizacji zawarto\u015bci naszych stron internetowych. Dane te s\u0105 zbierane automatycznie o ka\u017cdym u\u017cytkowniku.<\/p>\n<p>Dane zbierane w trakcie korespondencji pomi\u0119dzy u\u017cytkownikiem, a naszym serwisem b\u0119d\u0105 wykorzystane wy\u0142\u0105cznie w celu kontaktu z danym u\u017cytkownikiem oraz odpowiedzi na ewentualne pytania.<\/p>\n<p>W przypadku kontroli Generalnego Inspektoratu Ochrony Danych Osobowych, wszystkie zebrane dane mog\u0105 zosta\u0107 udost\u0119pnione pracownikom Inspektoratu zgodnie z ustaw\u0105 o ochronie danych osobowych.<\/p>\n<p>W przypadkach naruszenia Regulaminu serwisu, naruszenia prawa, lub gdy b\u0119d\u0105 wymaga\u0142y tego przepisy prawa, mo\u017cemy udost\u0119pni\u0107 dane u\u017cytkownika organom wymiaru sprawiedliwo\u015bci.<\/p>\n<p><b>Sposoby kontaktu z klientem<\/b><\/p>\n<p>W przypadku dokonania transakcji zakupu towaru, u\u017cytkownik mo\u017ce otrzyma\u0107 od nas email dotycz\u0105cy danej transakcji. W niekt\u00f3rych przypadkach (szczeg\u00f3lnie wa\u017cnych informacji na temat transakcji) istnieje mo\u017cliwo\u015b\u0107 kontaktu telefonicznego.<\/p>\n<p>W przypadku wyra\u017cenia zgody na otrzymywanie naszego Newslettera podczas rejestracji, lub w inny spos\u00f3b, u\u017cytkownik b\u0119dzie go otrzymywa\u0107 na podany adres email.<\/p>\n<p><b>Informacja o zmianie danych<\/b><\/p>\n<p>Po zalogowaniu si\u0119 do systemu i wybraniu sekcji Moje konto\/edycja, istnieje mo\u017cliwo\u015b\u0107 wprowadzania zmian. Danych niezb\u0119dnych do transakcji zakupu nie mo\u017cna zmieni\u0107, ani usun\u0105\u0107, gdy\u017c s\u0105 one cz\u0119\u015bci\u0105 rachunku lub faktury. Danych zbieranych automatycznie nie da si\u0119 zmieni\u0107 lub usun\u0105\u0107.<\/p>\n<p><b>Wykorzystanie ciasteczek (cookies)<\/b><\/p>\n<p>Strona internetowa mo\u017ce u\u017cywa\u0107 ciasteczek, kt\u00f3re s\u0142u\u017c\u0105 identyfikacji przegl\u0105darki, w celu wy\u015bwietlenia odpowiedniej strony. Ciasteczka nie zawieraj\u0105 \u017cadnych danych osobowych.<\/p>\n<p><b>Zabezpieczenie danych osobowych<\/b><\/p>\n<p>W trakcie komunikacji mi\u0119dzy komputerem u\u017cytkownika, a naszym serwerem, gdy zbieramy dane osobowe, wykorzystywane jest po\u0142\u0105czenie szyfrowane z u\u017cyciem protoko\u0142u SSL (Secure Socket Layer). Dodatkowo, bazy danych zabezpieczone s\u0105 przed wgl\u0105dem os\u00f3b trzecich.<\/p>\n<p><b>Zmiany polityki prywatno\u015bci<\/b><\/p>\n<p>Zastrzegamy sobie prawo zmiany powy\u017cszej polityki prywatno\u015bci poprzez opublikowanie nowej polityki prywatno\u015bci na tej stronie.<\/p>","protected":false},"excerpt":{"rendered":"<p>Dane zbierane automatycznie W trakcie wizyty na naszej stronie internetowej, automatycznie zbierane s\u0105 dane dotycz\u0105ce tej wizyty, np. adres IP, nazwa domeny, typ przegl\u0105darki, typ systemu operacyjnego. Dane zbierane, w momencie kontaktu z nami W momencie kontaktu z nami za pomoc\u0105 strony internetowej, poczty email, rozmowy telefonicznej itp. u\u017cytkownik przekazuje nam swoje dane osobowe, np. [&hellip;]<\/p>\n","protected":false},"author":1,"featured_media":0,"parent":0,"menu_order":0,"comment_status":"closed","ping_status":"closed","template":"","meta":{"_acf_changed":false,"footnotes":""},"class_list":["post-579","page","type-page","status-publish","hentry"],"acf":[],"yoast_head":"<!-- This site is optimized with the Yoast SEO plugin v25.9 - https:\/\/yoast.com\/wordpress\/plugins\/seo\/ -->\n<title>Polityka prywatno\u015bci | Profesjonalne us\u0142ugi DevOps | Hosting | evilfork.pl<\/title>\n<meta name=\"description\" content=\"Posiadamy w\u0142asn\u0105 infrastruktur\u0119 serwerow\u0105 kolokowan\u0105 w polskich Data Center zgodnych ze standardem ISO\/IEC 27001 oraz ISO 9001.\" \/>\n<meta name=\"robots\" content=\"index, follow, max-snippet:-1, max-image-preview:large, max-video-preview:-1\" \/>\n<link rel=\"canonical\" href=\"https:\/\/evilfork.pl\/en\/polityka-prywatnosci\/\" \/>\n<meta property=\"og:locale\" content=\"en_US\" \/>\n<meta property=\"og:type\" content=\"article\" \/>\n<meta property=\"og:title\" content=\"Polityka prywatno\u015bci | Profesjonalne us\u0142ugi DevOps | Hosting | evilfork.pl\" \/>\n<meta property=\"og:description\" content=\"Posiadamy w\u0142asn\u0105 infrastruktur\u0119 serwerow\u0105 kolokowan\u0105 w polskich Data Center zgodnych ze standardem ISO\/IEC 27001 oraz ISO 9001.\" \/>\n<meta property=\"og:url\" content=\"https:\/\/evilfork.pl\/en\/polityka-prywatnosci\/\" \/>\n<meta property=\"og:site_name\" content=\"evilfork.pl\" \/>\n<meta property=\"article:publisher\" content=\"https:\/\/www.linkedin.com\/company\/evilfork-pl\" \/>\n<meta property=\"article:modified_time\" content=\"2025-03-24T12:14:55+00:00\" \/>\n<meta property=\"og:image\" content=\"https:\/\/evilfork.pl\/wp-content\/uploads\/2024\/11\/favicon.png\" \/>\n\t<meta property=\"og:image:width\" content=\"128\" \/>\n\t<meta property=\"og:image:height\" content=\"128\" \/>\n\t<meta property=\"og:image:type\" content=\"image\/png\" \/>\n<meta name=\"twitter:card\" content=\"summary_large_image\" \/>\n<meta name=\"twitter:label1\" content=\"Est. reading time\" \/>\n\t<meta name=\"twitter:data1\" content=\"3 minutes\" \/>\n<script type=\"application\/ld+json\" class=\"yoast-schema-graph\">{\"@context\":\"https:\/\/schema.org\",\"@graph\":[{\"@type\":\"WebPage\",\"@id\":\"https:\/\/evilfork.pl\/polityka-prywatnosci\/\",\"url\":\"https:\/\/evilfork.pl\/polityka-prywatnosci\/\",\"name\":\"Polityka prywatno\u015bci | Profesjonalne us\u0142ugi DevOps | Hosting | evilfork.pl\",\"isPartOf\":{\"@id\":\"https:\/\/evilfork.pl\/#website\"},\"datePublished\":\"2025-01-10T10:01:04+00:00\",\"dateModified\":\"2025-03-24T12:14:55+00:00\",\"description\":\"Posiadamy w\u0142asn\u0105 infrastruktur\u0119 serwerow\u0105 kolokowan\u0105 w polskich Data Center zgodnych ze standardem ISO\/IEC 27001 oraz ISO 9001.\",\"breadcrumb\":{\"@id\":\"https:\/\/evilfork.pl\/polityka-prywatnosci\/#breadcrumb\"},\"inLanguage\":\"en-US\",\"potentialAction\":[{\"@type\":\"ReadAction\",\"target\":[\"https:\/\/evilfork.pl\/polityka-prywatnosci\/\"]}]},{\"@type\":\"BreadcrumbList\",\"@id\":\"https:\/\/evilfork.pl\/polityka-prywatnosci\/#breadcrumb\",\"itemListElement\":[{\"@type\":\"ListItem\",\"position\":1,\"name\":\"Strona g\u0142\u00f3wna\",\"item\":\"https:\/\/evilfork.pl\/\"},{\"@type\":\"ListItem\",\"position\":2,\"name\":\"Polityka prywatno\u015bci\"}]},{\"@type\":\"WebSite\",\"@id\":\"https:\/\/evilfork.pl\/#website\",\"url\":\"https:\/\/evilfork.pl\/\",\"name\":\"evilfork.pl - Profesjonalny hosting dla e-commerce\",\"description\":\"E-commerce Hosting &amp; DevOps\",\"publisher\":{\"@id\":\"https:\/\/evilfork.pl\/#organization\"},\"alternateName\":\"evilfork.pl - hosting & devops for e-commerce\",\"potentialAction\":[{\"@type\":\"SearchAction\",\"target\":{\"@type\":\"EntryPoint\",\"urlTemplate\":\"https:\/\/evilfork.pl\/?s={search_term_string}\"},\"query-input\":{\"@type\":\"PropertyValueSpecification\",\"valueRequired\":true,\"valueName\":\"search_term_string\"}}],\"inLanguage\":\"en-US\"},{\"@type\":\"Organization\",\"@id\":\"https:\/\/evilfork.pl\/#organization\",\"name\":\"evilfork.pl\",\"url\":\"https:\/\/evilfork.pl\/\",\"logo\":{\"@type\":\"ImageObject\",\"inLanguage\":\"en-US\",\"@id\":\"https:\/\/evilfork.pl\/#\/schema\/logo\/image\/\",\"url\":\"https:\/\/evilfork.pl\/wp-content\/uploads\/2024\/11\/logo2.png\",\"contentUrl\":\"https:\/\/evilfork.pl\/wp-content\/uploads\/2024\/11\/logo2.png\",\"width\":274,\"height\":127,\"caption\":\"evilfork.pl\"},\"image\":{\"@id\":\"https:\/\/evilfork.pl\/#\/schema\/logo\/image\/\"},\"sameAs\":[\"https:\/\/www.linkedin.com\/company\/evilfork-pl\"]}]}<\/script>\n<!-- \/ Yoast SEO plugin. -->","yoast_head_json":{"title":"Polityka prywatno\u015bci | Profesjonalne us\u0142ugi DevOps | Hosting | evilfork.pl","description":"Posiadamy w\u0142asn\u0105 infrastruktur\u0119 serwerow\u0105 kolokowan\u0105 w polskich Data Center zgodnych ze standardem ISO\/IEC 27001 oraz ISO 9001.","robots":{"index":"index","follow":"follow","max-snippet":"max-snippet:-1","max-image-preview":"max-image-preview:large","max-video-preview":"max-video-preview:-1"},"canonical":"https:\/\/evilfork.pl\/en\/polityka-prywatnosci\/","og_locale":"en_US","og_type":"article","og_title":"Polityka prywatno\u015bci | Profesjonalne us\u0142ugi DevOps | Hosting | evilfork.pl","og_description":"Posiadamy w\u0142asn\u0105 infrastruktur\u0119 serwerow\u0105 kolokowan\u0105 w polskich Data Center zgodnych ze standardem ISO\/IEC 27001 oraz ISO 9001.","og_url":"https:\/\/evilfork.pl\/en\/polityka-prywatnosci\/","og_site_name":"evilfork.pl","article_publisher":"https:\/\/www.linkedin.com\/company\/evilfork-pl","article_modified_time":"2025-03-24T12:14:55+00:00","og_image":[{"width":128,"height":128,"url":"https:\/\/evilfork.pl\/wp-content\/uploads\/2024\/11\/favicon.png","type":"image\/png"}],"twitter_card":"summary_large_image","twitter_misc":{"Est. reading time":"3 minutes"},"schema":{"@context":"https:\/\/schema.org","@graph":[{"@type":"WebPage","@id":"https:\/\/evilfork.pl\/polityka-prywatnosci\/","url":"https:\/\/evilfork.pl\/polityka-prywatnosci\/","name":"Polityka prywatno\u015bci | Profesjonalne us\u0142ugi DevOps | Hosting | evilfork.pl","isPartOf":{"@id":"https:\/\/evilfork.pl\/#website"},"datePublished":"2025-01-10T10:01:04+00:00","dateModified":"2025-03-24T12:14:55+00:00","description":"Posiadamy w\u0142asn\u0105 infrastruktur\u0119 serwerow\u0105 kolokowan\u0105 w polskich Data Center zgodnych ze standardem ISO\/IEC 27001 oraz ISO 9001.","breadcrumb":{"@id":"https:\/\/evilfork.pl\/polityka-prywatnosci\/#breadcrumb"},"inLanguage":"en-US","potentialAction":[{"@type":"ReadAction","target":["https:\/\/evilfork.pl\/polityka-prywatnosci\/"]}]},{"@type":"BreadcrumbList","@id":"https:\/\/evilfork.pl\/polityka-prywatnosci\/#breadcrumb","itemListElement":[{"@type":"ListItem","position":1,"name":"Strona g\u0142\u00f3wna","item":"https:\/\/evilfork.pl\/"},{"@type":"ListItem","position":2,"name":"Polityka prywatno\u015bci"}]},{"@type":"WebSite","@id":"https:\/\/evilfork.pl\/#website","url":"https:\/\/evilfork.pl\/","name":"evilfork.pl - Profesjonalny hosting dla e-commerce","description":"E-commerce Hosting &amp; DevOps","publisher":{"@id":"https:\/\/evilfork.pl\/#organization"},"alternateName":"evilfork.pl - hosting & devops for e-commerce","potentialAction":[{"@type":"SearchAction","target":{"@type":"EntryPoint","urlTemplate":"https:\/\/evilfork.pl\/?s={search_term_string}"},"query-input":{"@type":"PropertyValueSpecification","valueRequired":true,"valueName":"search_term_string"}}],"inLanguage":"en-US"},{"@type":"Organization","@id":"https:\/\/evilfork.pl\/#organization","name":"evilfork.pl","url":"https:\/\/evilfork.pl\/","logo":{"@type":"ImageObject","inLanguage":"en-US","@id":"https:\/\/evilfork.pl\/#\/schema\/logo\/image\/","url":"https:\/\/evilfork.pl\/wp-content\/uploads\/2024\/11\/logo2.png","contentUrl":"https:\/\/evilfork.pl\/wp-content\/uploads\/2024\/11\/logo2.png","width":274,"height":127,"caption":"evilfork.pl"},"image":{"@id":"https:\/\/evilfork.pl\/#\/schema\/logo\/image\/"},"sameAs":["https:\/\/www.linkedin.com\/company\/evilfork-pl"]}]}},"_links":{"self":[{"href":"https:\/\/evilfork.pl\/en\/wp-json\/wp\/v2\/pages\/579","targetHints":{"allow":["GET"]}}],"collection":[{"href":"https:\/\/evilfork.pl\/en\/wp-json\/wp\/v2\/pages"}],"about":[{"href":"https:\/\/evilfork.pl\/en\/wp-json\/wp\/v2\/types\/page"}],"author":[{"embeddable":true,"href":"https:\/\/evilfork.pl\/en\/wp-json\/wp\/v2\/users\/1"}],"replies":[{"embeddable":true,"href":"https:\/\/evilfork.pl\/en\/wp-json\/wp\/v2\/comments?post=579"}],"version-history":[{"count":1,"href":"https:\/\/evilfork.pl\/en\/wp-json\/wp\/v2\/pages\/579\/revisions"}],"predecessor-version":[{"id":925,"href":"https:\/\/evilfork.pl\/en\/wp-json\/wp\/v2\/pages\/579\/revisions\/925"}],"wp:attachment":[{"href":"https:\/\/evilfork.pl\/en\/wp-json\/wp\/v2\/media?parent=579"}],"curies":[{"name":"wp","href":"https:\/\/api.w.org\/{rel}","templated":true}]}}