{"id":586,"date":"2025-01-10T10:09:49","date_gmt":"2025-01-10T10:09:49","guid":{"rendered":"https:\/\/evilfork.pl\/?page_id=586"},"modified":"2025-01-10T10:10:01","modified_gmt":"2025-01-10T10:10:01","slug":"cookie","status":"publish","type":"page","link":"https:\/\/evilfork.pl\/en\/cookie\/","title":{"rendered":"Cookie"},"content":{"rendered":"<p><b>Co to jest plik \u201eCookie\u201d?<\/b><\/p>\n<p>&#8222;Cookies&#8221; (Ciasteczka) s\u0105 to pojedyncze, ma\u0142e pliki tekstowe, wysy\u0142ane przez odwiedzane strony internetowe i pobierane na komputerze u\u017cytkownika. Informacje zawarte w tych plikach pozwalaj\u0105 na odczytanie informacji w nich zawartych jedynie przez stron\u0119, kt\u00f3ra je utworzy\u0142a. Tym samym strona internetowa nie mo\u017ce mie\u0107 dost\u0119pu do innych plik\u00f3w znajduj\u0105cych si\u0119 na komputerze u\u017cytkownika.<\/p>\n<p><b>W jakim celu strona internetowa evilfork.pl korzysta z plik\u00f3w cookie?<\/b><\/p>\n<p>Pliki &#8222;cookie&#8221; u\u017cywane na stronie internetowej evilfork.pl umo\u017cliwiaj\u0105 odpowiedni\u0105 personalizacj\u0119 wy\u015bwietlanych na stronie informacji i zaprezentowanie tre\u015bci dostosowanej do potrzeb u\u017cytkownika, a tak\u017ce mierzenie interakcji u\u017cytkownik\u00f3w na stronach internetowych. Stosujemy Ciasteczka w celu dostosowywania i poprawiania sposobu dzia\u0142ania witryny, a tak\u017ce do mierzenia skuteczno\u015bci przeprowadzanych akcji na witrynie. Ciasteczka pozwalaj\u0105 dodatkowo bada\u0107 upodobania u\u017cytkownik\u00f3w i tym samym podnosi\u0107 jako\u015b\u0107 naszych us\u0142ug. Nie wykorzystujemy Ciasteczek, aby kontaktowa\u0107 si\u0119 z u\u017cytkownikiem za po\u015brednictwem poczty, maila czy telefonu.<\/p>\n<p><b>Przyk\u0142ady wykorzystania plik\u00f3w cookies na stronach internetowych evilfork.pl:<\/b><\/p>\n<p>dopasowanie tre\u015bci reklam emitowanych w serwisie,<br \/>\nmierzenie ruchu u\u017cytkownika na stronach za pomoc\u0105 kodu Google Analytics &#8211; wi\u0119cej informacji o plikach cookies w Google Analytics mo\u017cna znale\u017a\u0107 na stronie: http:\/\/www.google.pl\/intl\/pl\/analytics\/privacyoverview.html,<br \/>\nzapami\u0119tywanie braku zgody na wy\u015bwietlanie w przysz\u0142o\u015bci niekt\u00f3rych tre\u015bci,<br \/>\nutrzymanie sesji u\u017cytkownika po zalogowaniu, dzi\u0119ki kt\u00f3rej nie musi za ka\u017cdym razem ponownie si\u0119 logowa\u0107.<br \/>\nJakich plik\u00f3w \u201ecookies\u201d u\u017cywamy?<\/p>\n<p><b>Na stronach evilfork.pl mog\u0105 by\u0107 u\u017cywane dwa rodzaje plik\u00f3w \u201ecookie\u201d:<\/b><\/p>\n<p>sesyjne \u2013 pozostaj\u0105 na urz\u0105dzeniu u\u017cytkownika, a\u017c do opuszczenia strony internetowej lub wy\u0142\u0105czenia oprogramowania (przegl\u0105darki internetowej),<br \/>\nsta\u0142e \u2013 pozostaj\u0105 na urz\u0105dzeniu u\u017cytkownika przez czas okre\u015blony w parametrach pliku albo do momentu ich r\u0119cznego usuni\u0119cia przez u\u017cytkownika.<br \/>\nCzy mog\u0119 zrezygnowa\u0107 z akceptowania cookies?<\/p>\n<p>Czynno\u015bci zwi\u0105zane z przechowywaniem i wysy\u0142aniem ciasteczek s\u0105 obs\u0142ugiwane przez przegl\u0105darki internetowe i s\u0105 niewidoczne dla u\u017cytkownika. Wi\u0119kszo\u015b\u0107 u\u017cywanych przegl\u0105darek domy\u015blnie akceptuje Ciasteczka. Jednak\u017ce u\u017cytkownik, mo\u017ce ustawi\u0107 tak przegl\u0105dark\u0119, by m\u00f3c odrzuca\u0107 pro\u015bby o przechowanie ciasteczek w og\u00f3le lub wybranych ciasteczek. Mo\u017cna to zrobi\u0107 za pomoc\u0105 ustawie\u0144 w przegl\u0105darce. Zanim zdecydujesz si\u0119 zmieni\u0107 domy\u015blne ustawienia pami\u0119taj jednak, \u017ce wiele Ciasteczek pomaga podniesieniu wygody korzystania ze strony. Wy\u0142\u0105czenie Ciasteczek mo\u017ce mie\u0107 wp\u0142yw na to jak b\u0119dzie si\u0119 wy\u015bwietla\u0107 nasza strona w Twojej przegl\u0105darce.<\/p>\n<p>Dla strony internetowej evilfork.pl konieczne jest akceptowanie plik\u00f3w cookies pochodz\u0105cych z tej strony. Pliki cookies stosowane przez stron\u0119 evilfork.pl wykorzystywane s\u0105 w celu ustanowienia i utrzymania sesji u\u017cytkownika. Brak akceptacji korzystania z plik\u00f3w cookie na stronie evilfork.pl uniemo\u017cliwia zalogowanie si\u0119 i korzystanie z tej strony.<\/p>","protected":false},"excerpt":{"rendered":"<p>Co to jest plik \u201eCookie\u201d? &#8222;Cookies&#8221; (Ciasteczka) s\u0105 to pojedyncze, ma\u0142e pliki tekstowe, wysy\u0142ane przez odwiedzane strony internetowe i pobierane na komputerze u\u017cytkownika. Informacje zawarte w tych plikach pozwalaj\u0105 na odczytanie informacji w nich zawartych jedynie przez stron\u0119, kt\u00f3ra je utworzy\u0142a. Tym samym strona internetowa nie mo\u017ce mie\u0107 dost\u0119pu do innych plik\u00f3w znajduj\u0105cych si\u0119 na [&hellip;]<\/p>\n","protected":false},"author":1,"featured_media":0,"parent":0,"menu_order":0,"comment_status":"closed","ping_status":"closed","template":"","meta":{"_acf_changed":false,"footnotes":""},"class_list":["post-586","page","type-page","status-publish","hentry"],"acf":[],"yoast_head":"<!-- This site is optimized with the Yoast SEO plugin v25.9 - https:\/\/yoast.com\/wordpress\/plugins\/seo\/ -->\n<title>Cookie | evilfork.pl<\/title>\n<meta name=\"robots\" content=\"index, follow, max-snippet:-1, max-image-preview:large, max-video-preview:-1\" \/>\n<link rel=\"canonical\" href=\"https:\/\/evilfork.098.pl\/cookie\/\" \/>\n<meta property=\"og:locale\" content=\"en_US\" \/>\n<meta property=\"og:type\" content=\"article\" \/>\n<meta property=\"og:title\" content=\"Cookie | evilfork.pl\" \/>\n<meta property=\"og:description\" content=\"Co to jest plik \u201eCookie\u201d? &#8222;Cookies&#8221; (Ciasteczka) s\u0105 to pojedyncze, ma\u0142e pliki tekstowe, wysy\u0142ane przez odwiedzane strony internetowe i pobierane na komputerze u\u017cytkownika. Informacje zawarte w tych plikach pozwalaj\u0105 na odczytanie informacji w nich zawartych jedynie przez stron\u0119, kt\u00f3ra je utworzy\u0142a. Tym samym strona internetowa nie mo\u017ce mie\u0107 dost\u0119pu do innych plik\u00f3w znajduj\u0105cych si\u0119 na [&hellip;]\" \/>\n<meta property=\"og:url\" content=\"https:\/\/evilfork.098.pl\/cookie\/\" \/>\n<meta property=\"og:site_name\" content=\"evilfork.pl\" \/>\n<meta property=\"article:publisher\" content=\"https:\/\/www.linkedin.com\/company\/evilfork-pl\" \/>\n<meta property=\"article:modified_time\" content=\"2025-01-10T10:10:01+00:00\" \/>\n<meta property=\"og:image\" content=\"https:\/\/evilfork.pl\/wp-content\/uploads\/2024\/11\/favicon.png\" \/>\n\t<meta property=\"og:image:width\" content=\"128\" \/>\n\t<meta property=\"og:image:height\" content=\"128\" \/>\n\t<meta property=\"og:image:type\" content=\"image\/png\" \/>\n<meta name=\"twitter:card\" content=\"summary_large_image\" \/>\n<meta name=\"twitter:label1\" content=\"Est. reading time\" \/>\n\t<meta name=\"twitter:data1\" content=\"3 minutes\" \/>\n<script type=\"application\/ld+json\" class=\"yoast-schema-graph\">{\"@context\":\"https:\/\/schema.org\",\"@graph\":[{\"@type\":\"WebPage\",\"@id\":\"https:\/\/evilfork.098.pl\/cookie\/\",\"url\":\"https:\/\/evilfork.098.pl\/cookie\/\",\"name\":\"Cookie | evilfork.pl\",\"isPartOf\":{\"@id\":\"https:\/\/evilfork.pl\/#website\"},\"datePublished\":\"2025-01-10T10:09:49+00:00\",\"dateModified\":\"2025-01-10T10:10:01+00:00\",\"breadcrumb\":{\"@id\":\"https:\/\/evilfork.098.pl\/cookie\/#breadcrumb\"},\"inLanguage\":\"en-US\",\"potentialAction\":[{\"@type\":\"ReadAction\",\"target\":[\"https:\/\/evilfork.098.pl\/cookie\/\"]}]},{\"@type\":\"BreadcrumbList\",\"@id\":\"https:\/\/evilfork.098.pl\/cookie\/#breadcrumb\",\"itemListElement\":[{\"@type\":\"ListItem\",\"position\":1,\"name\":\"Strona g\u0142\u00f3wna\",\"item\":\"https:\/\/evilfork.pl\/\"},{\"@type\":\"ListItem\",\"position\":2,\"name\":\"Cookie\"}]},{\"@type\":\"WebSite\",\"@id\":\"https:\/\/evilfork.pl\/#website\",\"url\":\"https:\/\/evilfork.pl\/\",\"name\":\"evilfork.pl - Profesjonalny hosting dla e-commerce\",\"description\":\"E-commerce Hosting &amp; DevOps\",\"publisher\":{\"@id\":\"https:\/\/evilfork.pl\/#organization\"},\"alternateName\":\"evilfork.pl - hosting & devops for e-commerce\",\"potentialAction\":[{\"@type\":\"SearchAction\",\"target\":{\"@type\":\"EntryPoint\",\"urlTemplate\":\"https:\/\/evilfork.pl\/?s={search_term_string}\"},\"query-input\":{\"@type\":\"PropertyValueSpecification\",\"valueRequired\":true,\"valueName\":\"search_term_string\"}}],\"inLanguage\":\"en-US\"},{\"@type\":\"Organization\",\"@id\":\"https:\/\/evilfork.pl\/#organization\",\"name\":\"evilfork.pl\",\"url\":\"https:\/\/evilfork.pl\/\",\"logo\":{\"@type\":\"ImageObject\",\"inLanguage\":\"en-US\",\"@id\":\"https:\/\/evilfork.pl\/#\/schema\/logo\/image\/\",\"url\":\"https:\/\/evilfork.pl\/wp-content\/uploads\/2024\/11\/logo2.png\",\"contentUrl\":\"https:\/\/evilfork.pl\/wp-content\/uploads\/2024\/11\/logo2.png\",\"width\":274,\"height\":127,\"caption\":\"evilfork.pl\"},\"image\":{\"@id\":\"https:\/\/evilfork.pl\/#\/schema\/logo\/image\/\"},\"sameAs\":[\"https:\/\/www.linkedin.com\/company\/evilfork-pl\"]}]}<\/script>\n<!-- \/ Yoast SEO plugin. -->","yoast_head_json":{"title":"Cookie | evilfork.pl","robots":{"index":"index","follow":"follow","max-snippet":"max-snippet:-1","max-image-preview":"max-image-preview:large","max-video-preview":"max-video-preview:-1"},"canonical":"https:\/\/evilfork.098.pl\/cookie\/","og_locale":"en_US","og_type":"article","og_title":"Cookie | evilfork.pl","og_description":"Co to jest plik \u201eCookie\u201d? &#8222;Cookies&#8221; (Ciasteczka) s\u0105 to pojedyncze, ma\u0142e pliki tekstowe, wysy\u0142ane przez odwiedzane strony internetowe i pobierane na komputerze u\u017cytkownika. Informacje zawarte w tych plikach pozwalaj\u0105 na odczytanie informacji w nich zawartych jedynie przez stron\u0119, kt\u00f3ra je utworzy\u0142a. Tym samym strona internetowa nie mo\u017ce mie\u0107 dost\u0119pu do innych plik\u00f3w znajduj\u0105cych si\u0119 na [&hellip;]","og_url":"https:\/\/evilfork.098.pl\/cookie\/","og_site_name":"evilfork.pl","article_publisher":"https:\/\/www.linkedin.com\/company\/evilfork-pl","article_modified_time":"2025-01-10T10:10:01+00:00","og_image":[{"width":128,"height":128,"url":"https:\/\/evilfork.pl\/wp-content\/uploads\/2024\/11\/favicon.png","type":"image\/png"}],"twitter_card":"summary_large_image","twitter_misc":{"Est. reading time":"3 minutes"},"schema":{"@context":"https:\/\/schema.org","@graph":[{"@type":"WebPage","@id":"https:\/\/evilfork.098.pl\/cookie\/","url":"https:\/\/evilfork.098.pl\/cookie\/","name":"Cookie | evilfork.pl","isPartOf":{"@id":"https:\/\/evilfork.pl\/#website"},"datePublished":"2025-01-10T10:09:49+00:00","dateModified":"2025-01-10T10:10:01+00:00","breadcrumb":{"@id":"https:\/\/evilfork.098.pl\/cookie\/#breadcrumb"},"inLanguage":"en-US","potentialAction":[{"@type":"ReadAction","target":["https:\/\/evilfork.098.pl\/cookie\/"]}]},{"@type":"BreadcrumbList","@id":"https:\/\/evilfork.098.pl\/cookie\/#breadcrumb","itemListElement":[{"@type":"ListItem","position":1,"name":"Strona g\u0142\u00f3wna","item":"https:\/\/evilfork.pl\/"},{"@type":"ListItem","position":2,"name":"Cookie"}]},{"@type":"WebSite","@id":"https:\/\/evilfork.pl\/#website","url":"https:\/\/evilfork.pl\/","name":"evilfork.pl - Profesjonalny hosting dla e-commerce","description":"E-commerce Hosting &amp; DevOps","publisher":{"@id":"https:\/\/evilfork.pl\/#organization"},"alternateName":"evilfork.pl - hosting & devops for e-commerce","potentialAction":[{"@type":"SearchAction","target":{"@type":"EntryPoint","urlTemplate":"https:\/\/evilfork.pl\/?s={search_term_string}"},"query-input":{"@type":"PropertyValueSpecification","valueRequired":true,"valueName":"search_term_string"}}],"inLanguage":"en-US"},{"@type":"Organization","@id":"https:\/\/evilfork.pl\/#organization","name":"evilfork.pl","url":"https:\/\/evilfork.pl\/","logo":{"@type":"ImageObject","inLanguage":"en-US","@id":"https:\/\/evilfork.pl\/#\/schema\/logo\/image\/","url":"https:\/\/evilfork.pl\/wp-content\/uploads\/2024\/11\/logo2.png","contentUrl":"https:\/\/evilfork.pl\/wp-content\/uploads\/2024\/11\/logo2.png","width":274,"height":127,"caption":"evilfork.pl"},"image":{"@id":"https:\/\/evilfork.pl\/#\/schema\/logo\/image\/"},"sameAs":["https:\/\/www.linkedin.com\/company\/evilfork-pl"]}]}},"_links":{"self":[{"href":"https:\/\/evilfork.pl\/en\/wp-json\/wp\/v2\/pages\/586","targetHints":{"allow":["GET"]}}],"collection":[{"href":"https:\/\/evilfork.pl\/en\/wp-json\/wp\/v2\/pages"}],"about":[{"href":"https:\/\/evilfork.pl\/en\/wp-json\/wp\/v2\/types\/page"}],"author":[{"embeddable":true,"href":"https:\/\/evilfork.pl\/en\/wp-json\/wp\/v2\/users\/1"}],"replies":[{"embeddable":true,"href":"https:\/\/evilfork.pl\/en\/wp-json\/wp\/v2\/comments?post=586"}],"version-history":[{"count":0,"href":"https:\/\/evilfork.pl\/en\/wp-json\/wp\/v2\/pages\/586\/revisions"}],"wp:attachment":[{"href":"https:\/\/evilfork.pl\/en\/wp-json\/wp\/v2\/media?parent=586"}],"curies":[{"name":"wp","href":"https:\/\/api.w.org\/{rel}","templated":true}]}}